{"id":10,"date":"2025-04-11T19:28:40","date_gmt":"2025-04-11T17:28:40","guid":{"rendered":"https:\/\/fjadvocats.es\/?page_id=10"},"modified":"2025-04-15T21:41:07","modified_gmt":"2025-04-15T19:41:07","slug":"aviso-legal","status":"publish","type":"page","link":"https:\/\/fjadvocats.es\/ca\/aviso-legal\/","title":{"rendered":"Av\u00eds legal"},"content":{"rendered":"<div data-elementor-type=\"wp-page\" data-elementor-id=\"10\" class=\"elementor elementor-10\" data-elementor-post-type=\"page\">\n\t\t\t\t<div class=\"elementor-element elementor-element-282b73b5 e-flex e-con-boxed e-con e-parent\" data-id=\"282b73b5\" data-element_type=\"container\" data-e-type=\"container\">\n\t\t\t\t\t<div class=\"e-con-inner\">\n\t\t\t\t<div class=\"elementor-element elementor-element-434a5cc elementor-widget elementor-widget-text-editor\" data-id=\"434a5cc\" data-element_type=\"widget\" data-e-type=\"widget\" data-widget_type=\"text-editor.default\">\n\t\t\t\t<div class=\"elementor-widget-container\">\n\t\t\t\t\t\t\t\t\t\n<p>Amb la finalitat de donar compliment a l&#039;article 10 de la Llei 34\/2002 de Serveis de la Societat de la Informaci\u00f3 i Comer\u00e7 Electr\u00f2nic, informem l&#039;usuari de les nostres dades:<\/p>\n\n\n\n<p><strong>Identificaci\u00f3 del Responsable:<\/strong><\/p>\n\n\n\n<ul class=\"wp-block-list\">\n<li>Nom complet: Juan Antonio Sep\u00falveda Rivero<\/li>\n\n\n\n<li>NIF\/CIF: 74846416T<\/li>\n\n\n\n<li>Adre\u00e7a: Carrer Dels Porta N\u00fam 7, 43830 Tarragona<\/li>\n\n\n\n<li>Tel\u00e8fon: 615970212<\/li>\n\n\n\n<li>Email: fjadvocats@gmail.com<\/li>\n\n\n\n<li>Lloc web: fjadvocats.es<\/li>\n<\/ul>\n\n\n\n<h3 class=\"wp-block-heading\"><strong>Objecte<\/strong><\/h3>\n\n\n\n<p>El prestador, responsable del lloc web, posa a disposici\u00f3 dels usuaris aquest document amb qu\u00e8 pret\u00e9n donar compliment a les obligacions disposades a la Llei 34\/2002, de Serveis de la Societat de la Informaci\u00f3 i del Comer\u00e7 Electr\u00f2nic (LSSI-CE), aix\u00ed com informar tots els usuaris del lloc web respecte a quines s\u00f3n les condicions d&#039;\u00fas del lloc web.<\/p>\n\n\n\n<p>Tota persona que accedeixi a aquest lloc web assumeix el paper d&#039;usuari, comprometent-se a l&#039;observan\u00e7a i el compliment rigor\u00f3s de les disposicions aqu\u00ed disposades, aix\u00ed com a qualsevol altra disposici\u00f3 legal que sigui aplicable.<\/p>\n\n\n\n<p>El prestador es reserva el dret a modificar qualsevol tipus d&#039;informaci\u00f3 que pogu\u00e9s apar\u00e8ixer al lloc web, sense que hi hagi obligaci\u00f3 de preavisar o posar en coneixement dels usuaris aquestes obligacions, entenent-se com a suficient amb la publicaci\u00f3 al lloc web del prestador.<\/p>\n\n\n\n<h3 class=\"wp-block-heading\"><strong>Responsabilitat<\/strong><\/h3>\n\n\n\n<p>El prestador s&#039;eximeix de qualsevol tipus de responsabilitat derivada de la informaci\u00f3 publicada al vostre lloc web, sempre que aquesta informaci\u00f3 hagi estat manipulada o introdu\u00efda per un tercer ali\u00e8 al mateix.<\/p>\n\n\n\n<p>El lloc web del prestador pot utilitzar cookies (petits fitxers d&#039;informaci\u00f3 que el servidor envia a l&#039;ordinador de qui accedeix a la p\u00e0gina) per dur a terme determinades funcions que s\u00f3n considerades imprescindibles per al correcte funcionament i visualitzaci\u00f3 del lloc. Les galetes utilitzades al lloc web tenen, en tot cas, car\u00e0cter temporal amb l&#039;\u00fanica finalitat de fer m\u00e9s efica\u00e7 la seva transmissi\u00f3 ulterior i desapareixen en acabar la sessi\u00f3 de l&#039;usuari. En cap cas no s&#039;utilitzaran les cookies per recollir informaci\u00f3 de car\u00e0cter personal.&nbsp;<a href=\"\/ca\/politica-de-cookies\/\">Pol\u00edtica de galetes.<\/a><\/p>\n\n\n\n<p>Des del lloc web del client \u00e9s possible que es redirigeixi a continguts de tercers llocs web. At\u00e8s que el prestador no pot controlar sempre els continguts introdu\u00efts pels tercers als seus llocs web, aquest no assumeix cap mena de responsabilitat respecte a aquests continguts. En tot cas, el prestador manifesta que procedir\u00e0 a la retirada immediata de qualsevol contingut que pogu\u00e9s contravenir la legislaci\u00f3 nacional o internacional, la moral o l&#039;ordre p\u00fablic, procedint a la retirada immediata de la redirecci\u00f3 a aquest lloc web, posant en coneixement de les autoritats competents el contingut en q\u00fcesti\u00f3.<\/p>\n\n\n\n<p>El prestador no es fa responsable de la informaci\u00f3 i continguts emmagatzemats, a t\u00edtol enunciatiu per\u00f2 no limitatiu, en f\u00f2rums, xats, generadors de blocs, comentaris, xarxes socials o qualsevol altre mitj\u00e0 que permeti a tercers publicar continguts de forma independent a la p\u00e0gina web del prestador. No obstant aix\u00f2 i en compliment del que disposa l&#039;art. 11 i 16 de la LSSI-CE, el prestador es posa a disposici\u00f3 de tots els usuaris, autoritats i forces de seguretat, i col\u00b7laborant de manera activa en la retirada o si \u00e9s el cas bloqueig de tots aquells continguts que poguessin afectar o contravenir la legislaci\u00f3 nacional, o internacional, drets de tercers o la moral i l&#039;ordre p\u00fablic. En cas que l&#039;usuari consideri que hi ha al lloc web algun contingut que pogu\u00e9s ser susceptible d&#039;aquesta classificaci\u00f3, es prega que ho notifiqui de manera immediata a l&#039;administrador del lloc web.<\/p>\n\n\n\n<p>Aquest lloc web ha estat revisat i provat perqu\u00e8 funcioni correctament. En principi, es pot garantir el correcte funcionament els 365 dies de l&#039;any, 24 hores al dia.<\/p>\n\n\n\n<h3 class=\"wp-block-heading\"><strong>Propietat Intel\u00b7lectual i Industrial<\/strong><\/h3>\n\n\n\n<p>El lloc web, incloent a t\u00edtol enunciatiu per\u00f2 no limitatiu la seva programaci\u00f3, edici\u00f3, compilaci\u00f3 i altres elements necessaris per al seu funcionament, els dissenys, logotips, text i\/o gr\u00e0fics s\u00f3n propietat del prestador o si escau disposa de llic\u00e8ncia o autoritzaci\u00f3 expressa per part dels autors. Tots els continguts del lloc web es troben degudament protegits per la normativa de propietat intel\u00b7lectual i industrial, aix\u00ed com inscrits als registres p\u00fablics corresponents.<br>Independentment de la finalitat per a la qual fossin destinats, la reproducci\u00f3 total o parcial, \u00fas, explotaci\u00f3, distribuci\u00f3 i comercialitzaci\u00f3 requereix en tot cas l&#039;autoritzaci\u00f3 escrita pr\u00e8via per part del prestador. Qualsevol \u00fas no autoritzat pr\u00e8viament per part del prestador ser\u00e0 considerat un incompliment greu dels drets de propietat intel\u00b7lectual o industrial de lautor.<\/p>\n\n\n\n<p>Els dissenys, logotips, text i\/o gr\u00e0fics aliens al prestador i que poguessin apar\u00e8ixer al lloc web, pertanyen als seus respectius propietaris, sent ells mateixos responsables de qualsevol possible controv\u00e8rsia que pogu\u00e9s suscitar-se respecte a aquests. En tot cas, el prestador compta amb lautoritzaci\u00f3 expressa i pr\u00e8via per part dels mateixos.<\/p>\n\n\n\n<p>El prestador NO AUTORITZA expressament al fet que tercers puguin redirigir directament als continguts concrets del lloc web, havent de redirigir en tot cas al lloc web principal del prestador.<\/p>\n\n\n\n<p>El prestador reconeix a favor dels seus titulars els corresponents drets de propietat industrial i intel\u00b7lectual, i no implica la seva sola menci\u00f3 o aparici\u00f3 al lloc web l&#039;exist\u00e8ncia de drets o responsabilitat alguna del prestador sobre aquests, com tampoc suport, patrocini o recomanaci\u00f3 per part del mateix.<\/p>\n\n\n\n<p>Per realitzar qualsevol tipus d&#039;observaci\u00f3 respecte a possibles incompliments dels drets de propietat intel\u00b7lectual o industrial, aix\u00ed com sobre qualsevol dels continguts del lloc web, ho podeu fer a trav\u00e9s del correu electr\u00f2nic que figura a les dades identificatives al principi d&#039;aquest document.<\/p>\n\n\n\n<h3 class=\"wp-block-heading\"><strong>Veracitat de la Informaci\u00f3<\/strong><\/h3>\n\n\n\n<p>Tota la informaci\u00f3 que facilita l&#039;usuari ha de ser vera\u00e7. A aquest efecte, l&#039;usuari garanteix l&#039;autenticitat de les dades comunicades a trav\u00e9s dels formularis per a la subscripci\u00f3 dels serveis. Ser\u00e0 responsabilitat de l&#039;Usuari mantenir tota la informaci\u00f3 facilitada a l&#039;Empresa permanentment actualitzada de manera que respongui, a cada moment, a la seva situaci\u00f3 real. En tot cas, l&#039;Usuari ser\u00e0 l&#039;\u00fanic responsable de les manifestacions falses o inexactes que faci i dels perjudicis que causi el prestador o tercers.<\/p>\n\n\n\n<h3 class=\"wp-block-heading\"><strong>Menors d&#039;Edat<\/strong><\/h3>\n\n\n\n<p>Per a l\u00fas dels serveis, els menors dedat han dobtenir sempre pr\u00e8viament el consentiment dels pares, tutors o representants legals, responsables \u00faltims de tots els actes realitzats pels menors al seu c\u00e0rrec. La responsabilitat en la determinaci\u00f3 de continguts concrets als quals accedeixen els menors correspon a aquells, \u00e9s per aix\u00f2 que si accedeixen a continguts no apropiats per Internet, s&#039;hauran d&#039;establir als seus ordinadors mecanismes, en particular programes inform\u00e0tics, filtres i bloquejos, que permetin limitar els continguts disponibles i, tot i que no siguin infal\u00b7libles, s\u00f3n d&#039;especial utilitat per controlar i restringir els materials.<\/p>\n\n\n\n<h3 class=\"wp-block-heading\"><strong>Obligaci\u00f3 de fer un \u00fas correcte de la web<\/strong><\/h3>\n\n\n\n<p>L&#039;Usuari es compromet a utilitzar la Web de conformitat a la Llei i al present Av\u00eds Legal, aix\u00ed com a la moral i als bons costums. A aquest efecte, l&#039;Usuari s&#039;abstindr\u00e0 d&#039;utilitzar la p\u00e0gina amb finalitats il\u00b7l\u00edcites o prohibides, lesives de drets i interessos de tercers, o que de qualsevol manera puguin danyar, inutilitzar, sobrecarregar, deteriorar o impedir la utilitzaci\u00f3 normal d&#039;equips inform\u00e0tics o documents, arxius i tota mena de continguts emmagatzemats en qualsevol equip inform\u00e0tic del prestador.<\/p>\n\n\n\n<p>En particular, ia t\u00edtol indicatiu per\u00f2 no exhaustiu, l&#039;Usuari es compromet a no transmetre, difondre o posar a disposici\u00f3 de tercers informacions, dades, continguts, missatges, gr\u00e0fics, dibuixos, arxius de so o imatge, fotografies, enregistraments, programari i, en general, qualsevol mena de material que:<\/p>\n\n\n\n<p>(a) sigui contr\u00e0ria, menysprea o atempti contra els drets fonamentals i les llibertats p\u00fabliques reconegudes constitucionalment, en tractats internacionals i altres normes vigents;<\/p>\n\n\n\n<p>(b) indueixi, inciti o promogui actuacions delictives, denigrants, difamat\u00f2ries, violentes o, en general, contr\u00e0ries a la llei, a la moral ia l&#039;ordre p\u00fablic;<\/p>\n\n\n\n<p>(c) indueixi, inciti o promogui actuacions, actituds o pensaments discriminatoris per ra\u00f3 de sexe, ra\u00e7a, religi\u00f3, creences, edat o condici\u00f3;<\/p>\n\n\n\n<p>(d) sigui contrari al dret a l&#039;honor, a la intimitat personal o familiar oa la pr\u00f2pia imatge de les persones;<\/p>\n\n\n\n<p>(e) de qualsevol manera perjudiqui la credibilitat del prestador o de tercers; i<\/p>\n\n\n\n<p>(f) constitueixi publicitat il\u00b7l\u00edcita, enganyosa o deslleial.<\/p>\n\n\n\n<h3 class=\"wp-block-heading\"><strong>Llei Aplicable i Jurisdicci\u00f3<\/strong><\/h3>\n\n\n\n<p>Per a la resoluci\u00f3 de totes les controv\u00e8rsies o q\u00fcestions relacionades amb aquest lloc web o de les activitats que s&#039;hi desenvolupin, \u00e9s aplicable la legislaci\u00f3 espanyola, a la qual se sotmeten expressament les parts, i s\u00f3n competents per a la resoluci\u00f3 de tots els conflictes derivats o relacionats amb el seu \u00fas els jutjats i tribunals de la comunitat de <strong>Tarragona<\/strong>.<\/p>\n\t\t\t\t\t\t\t\t<\/div>\n\t\t\t\t<\/div>\n\t\t\t\t\t<\/div>\n\t\t\t\t<\/div>\n\t\t<div class=\"elementor-element elementor-element-e97d2f0 e-flex e-con-boxed e-con e-parent\" data-id=\"e97d2f0\" data-element_type=\"container\" data-e-type=\"container\">\n\t\t\t\t\t<div class=\"e-con-inner\">\n\t\t\t\t<div class=\"elementor-element elementor-element-2c80c13 elementor-widget elementor-widget-spacer\" data-id=\"2c80c13\" data-element_type=\"widget\" data-e-type=\"widget\" data-widget_type=\"spacer.default\">\n\t\t\t\t<div class=\"elementor-widget-container\">\n\t\t\t\t\t\t\t<div class=\"elementor-spacer\">\n\t\t\t<div class=\"elementor-spacer-inner\"><\/div>\n\t\t<\/div>\n\t\t\t\t\t\t<\/div>\n\t\t\t\t<\/div>\n\t\t\t\t\t<\/div>\n\t\t\t\t<\/div>\n\t\t\t\t<\/div>","protected":false},"excerpt":{"rendered":"<p>Con la finalidad de dar cumplimiento al art\u00edculo 10 de la Ley 34\/2002 de Servicios de la Sociedad de la Informaci\u00f3n y Comercio Electr\u00f3nico, informamos al usuario de nuestros datos: Identificaci\u00f3n del Responsable: Objeto El prestador, responsable del sitio web, pone a disposici\u00f3n de los usuarios el presente documento con el que pretende dar cumplimiento [&hellip;]<\/p>\n","protected":false},"author":1,"featured_media":0,"parent":0,"menu_order":0,"comment_status":"closed","ping_status":"closed","template":"","meta":{"_joinchat":[],"footnotes":""},"class_list":["post-10","page","type-page","status-publish","hentry"],"_links":{"self":[{"href":"https:\/\/fjadvocats.es\/ca\/wp-json\/wp\/v2\/pages\/10","targetHints":{"allow":["GET"]}}],"collection":[{"href":"https:\/\/fjadvocats.es\/ca\/wp-json\/wp\/v2\/pages"}],"about":[{"href":"https:\/\/fjadvocats.es\/ca\/wp-json\/wp\/v2\/types\/page"}],"author":[{"embeddable":true,"href":"https:\/\/fjadvocats.es\/ca\/wp-json\/wp\/v2\/users\/1"}],"replies":[{"embeddable":true,"href":"https:\/\/fjadvocats.es\/ca\/wp-json\/wp\/v2\/comments?post=10"}],"version-history":[{"count":6,"href":"https:\/\/fjadvocats.es\/ca\/wp-json\/wp\/v2\/pages\/10\/revisions"}],"predecessor-version":[{"id":431,"href":"https:\/\/fjadvocats.es\/ca\/wp-json\/wp\/v2\/pages\/10\/revisions\/431"}],"wp:attachment":[{"href":"https:\/\/fjadvocats.es\/ca\/wp-json\/wp\/v2\/media?parent=10"}],"curies":[{"name":"wp","href":"https:\/\/api.w.org\/{rel}","templated":true}]}}