{"id":12,"date":"2025-04-11T19:28:40","date_gmt":"2025-04-11T17:28:40","guid":{"rendered":"https:\/\/fjadvocats.es\/?page_id=12"},"modified":"2025-04-15T21:41:00","modified_gmt":"2025-04-15T19:41:00","slug":"politica-de-privacidad","status":"publish","type":"page","link":"https:\/\/fjadvocats.es\/ca\/politica-de-privacidad\/","title":{"rendered":"Pol\u00edtica de privadesa"},"content":{"rendered":"<div data-elementor-type=\"wp-page\" data-elementor-id=\"12\" class=\"elementor elementor-12\" data-elementor-post-type=\"page\">\n\t\t\t\t<div class=\"elementor-element elementor-element-689fc1a7 e-flex e-con-boxed e-con e-parent\" data-id=\"689fc1a7\" data-element_type=\"container\" data-e-type=\"container\">\n\t\t\t\t\t<div class=\"e-con-inner\">\n\t\t\t\t<div class=\"elementor-element elementor-element-23d72369 elementor-widget elementor-widget-text-editor\" data-id=\"23d72369\" data-element_type=\"widget\" data-e-type=\"widget\" data-widget_type=\"text-editor.default\">\n\t\t\t\t<div class=\"elementor-widget-container\">\n\t\t\t\t\t\t\t\t\t\n<p><strong>Juan Antonio Sep\u00falveda Rivero<\/strong>\u00a0en endavant, el titular, t&#039;informa sobre la seva Pol\u00edtica de Privadesa respecte del tractament i protecci\u00f3 de les dades de car\u00e0cter personal dels usuaris i clients que puguin ser demanats per la navegaci\u00f3 o contractaci\u00f3 de serveis a trav\u00e9s del lloc web <strong>https:\/\/fjadvocats.es<\/strong>.<\/p>\n\n\n\n<p>En aquest sentit, el Titular garanteix el compliment de la normativa vigent en mat\u00e8ria de protecci\u00f3 de dades personals, reflectida a la Llei Org\u00e0nica 3\/2018, de 5 de desembre, de Protecci\u00f3 de Dades Personals i de Garantia de Drets Digitals (LOPD GDD). Compleix tamb\u00e9 amb el Reglament (UE) 2016\/679 del Parlament Europeu i del Consell de 27 d&#039;abril del 2016 relatiu a la protecci\u00f3 de les persones f\u00edsiques (RGPD).<\/p>\n\n\n\n<p>L&#039;\u00fas del lloc web implica l&#039;acceptaci\u00f3 d&#039;aquesta Pol\u00edtica de Privadesa aix\u00ed com les condicions incloses a l&#039;Av\u00eds Legal.<\/p>\n\n\n\n<p><strong>1. Identificaci\u00f3 del Responsable:<\/strong><\/p>\n\n\n\n<ul class=\"wp-block-list\">\n<li>Nom complet: Juan Antonio Sep\u00falveda Rivero<\/li>\n\n\n\n<li>NIF\/CIF: 74846416T<\/li>\n\n\n\n<li>Adre\u00e7a: Carrer Dels Porta N\u00fam 7, 43830 Tarragona<\/li>\n\n\n\n<li>Tel\u00e8fon: 615970212<\/li>\n\n\n\n<li>Email: fjadvocats@gmail.com<\/li>\n\n\n\n<li>Lloc web: fjadvocats.es<\/li>\n<\/ul>\n\n\n\n<h3 class=\"wp-block-heading\">&nbsp;<\/h3>\n\n\n\n<h3 class=\"wp-block-heading\">Principis aplicats al tractament de dades<\/h3>\n\n\n\n<p>En el tractament de les teves dades personals, el Titular aplicar\u00e0 els principis seg\u00fcents que s&#039;ajusten a les exig\u00e8ncies del nou reglament europeu de protecci\u00f3 de dades:<\/p>\n\n\n\n<ul class=\"wp-block-list\">\n<li><strong>Principi de licitud, lleialtat i transpar\u00e8ncia:<\/strong>&nbsp;El Titular sempre requerir\u00e0 el consentiment per al tractament de les teves dades personals que pot ser per a una o diverses finalitats espec\u00edfiques sobre les quals t&#039;informar\u00e0 pr\u00e8viament amb absoluta transpar\u00e8ncia.<\/li>\n\n\n\n<li><strong>Principi de minimitzaci\u00f3 de dades:<\/strong>&nbsp;El Titular et sol\u00b7licitar\u00e0 nom\u00e9s les dades estrictament necess\u00e0ries per a la finalitat o fins que les sol\u00b7licita.<\/li>\n\n\n\n<li><strong>Principi de limitaci\u00f3 del termini de conservaci\u00f3:<\/strong>&nbsp;Les dades es mantindran durant el temps estrictament necessari per a la fi o fins del tractament.<br>El Titular us informar\u00e0 del termini de conservaci\u00f3 corresponent segons la finalitat. En cas de subscripcions, el Titular revisar\u00e0 peri\u00f2dicament les llistes i eliminar\u00e0 aquells registres inactius durant un temps considerable.<\/li>\n\n\n\n<li><strong>Principi d&#039;integritat i confidencialitat:<\/strong>&nbsp;Les teves dades seran tractades de manera que la seva seguretat, confidencialitat i integritat estigui garantida. Has de saber que el Titular pren les precaucions necess\u00e0ries per evitar l&#039;acc\u00e9s no autoritzat o \u00fas indegut de les dades dels usuaris per part de tercers.<\/li>\n<\/ul>\n\n\n\n<h3 class=\"wp-block-heading\">Obtenci\u00f3 de dades personals<\/h3>\n\n\n\n<p>Per navegar per&nbsp;<strong>domini.com<\/strong>&nbsp;no cal que facilitis cap dada personal. Els casos en qu\u00e8 s\u00ed que proporciones les teves dades personals s\u00f3n els seg\u00fcents:<\/p>\n\n\n\n<ul class=\"wp-block-list\">\n<li>En contactar a trav\u00e9s dels formularis de contacte o enviar un correu electr\u00f2nic.<\/li>\n\n\n\n<li>En fer un comentari en un article o p\u00e0gina.<\/li>\n<\/ul>\n\n\n\n<h3 class=\"wp-block-heading\">Els teus drets<\/h3>\n\n\n\n<p>El Titular t&#039;informa que sobre les teves dades personals tens dret a:<\/p>\n\n\n\n<ul class=\"wp-block-list\">\n<li>Sol\u00b7licitar l&#039;acc\u00e9s a les dades emmagatzemades.<\/li>\n\n\n\n<li>Sol\u00b7licitar una rectificaci\u00f3 o la cancel\u00b7laci\u00f3.<\/li>\n\n\n\n<li>Sol\u00b7licitar la limitaci\u00f3 del tractament.<\/li>\n\n\n\n<li>Oposar-te al tractament.<\/li>\n\n\n\n<li>Sol\u00b7licitar la portabilitat de les teves dades.<\/li>\n<\/ul>\n\n\n\n<p>L&#039;exercici d&#039;aquests drets \u00e9s personal i per tant ha de ser exercit directament per l&#039;interessat, sol\u00b7licitant-ho directament al Titular, la qual cosa significa que qualsevol client, subscriptor o col\u00b7laborador que hagi facilitat les seves dades en algun moment pot adre\u00e7ar-se al Titular i demanar informaci\u00f3 sobre les dades que t\u00e9 emmagatzemades i com les ha obtingut, sol\u00b7licitar la rectificaci\u00f3 d&#039;aquestes, sol\u00b7licitar la portabilitat de les seves dades personals aquestes dades als fitxers del Titular.<\/p>\n\n\n\n<p>Per exercitar els vostres drets d&#039;acc\u00e9s, rectificaci\u00f3, cancel\u00b7laci\u00f3, portabilitat i oposici\u00f3 heu d&#039;enviar un correu electr\u00f2nic a\u00a0<strong>info@fjadvocats.es<\/strong>\u00a0juntament amb la prova v\u00e0lida en dret com una fotoc\u00f2pia del DNI o equivalent.<\/p>\n\n\n\n<p>Teniu dret a la tutela judicial efectiva ia presentar una reclamaci\u00f3 davant l&#039;autoritat de control, en aquest cas, l&#039;Ag\u00e8ncia Espanyola de Protecci\u00f3 de Dades, si considereu que el tractament de dades personals que us concerneixen infringeix el Reglament.<\/p>\n\n\n\n<h3 class=\"wp-block-heading\">Finalitat del tractament de dades personals<\/h3>\n\n\n\n<p>Quan us connecteu al lloc web per enviar un correu al Titular, us subscriviu al vostre butllet\u00ed o feu una contractaci\u00f3, esteu facilitant informaci\u00f3 de car\u00e0cter personal de la qual el responsable \u00e9s el Titular. Aquesta informaci\u00f3 pot incloure dades de car\u00e0cter personal com ara la vostra adre\u00e7a IP, nom i cognoms, adre\u00e7a f\u00edsica, adre\u00e7a de correu electr\u00f2nic, n\u00famero de tel\u00e8fon, i altra informaci\u00f3. En facilitar aquesta informaci\u00f3, d\u00f3nes el teu consentiment perqu\u00e8 la teva informaci\u00f3 sigui recopilada, utilitzada, gestionada i emmagatzemada per superadmin.es , nom\u00e9s com es descriu a l&#039;Av\u00eds Legal ia la present Pol\u00edtica de Privadesa.<\/p>\n\n\n\n<p>Les dades personals i la finalitat del tractament per part del Titular s\u00f3n diferents segons el sistema de captura d&#039;informaci\u00f3:<\/p>\n\n\n\n<p>ELIMINA ELS QUE NO USIS:<\/p>\n\n\n\n<ul class=\"wp-block-list\">\n<li><strong>Formularis de contacte:<\/strong>&nbsp;El Titular sol\u00b7licita dades personals entre les que poden estar: Nom i cognoms, adre\u00e7a de correu electr\u00f2nic, n\u00famero de tel\u00e8fon i adre\u00e7a del teu lloc web amb la finalitat de respondre a les teves consultes.<br>Per exemple, el Titular utilitza aquestes dades per donar resposta als teus missatges, dubtes, queixes, comentaris o inquietuds que puguis tenir relatives a la informaci\u00f3 inclosa al lloc web, els serveis que es presten a trav\u00e9s del lloc web, el tractament de les teves dades personals, q\u00fcestions referents als textos legals inclosos al lloc web, aix\u00ed com qualsevol altra consulta que puguis tenir i que no estigui subjecta a la teva web.<\/li>\n<\/ul>\n\n\n\n<p>Hi ha altres finalitats per les quals el Titular tracta les teves dades personals:<\/p>\n\n\n\n<ul class=\"wp-block-list\">\n<li>Per garantir el compliment de les condicions recollides a l&#039;Av\u00eds Legal ia la llei aplicable. Aix\u00f2 pot incloure el desenvolupament d&#039;eines i algorismes que ajudin aquest lloc web a garantir la confidencialitat de les dades personals que recull.<\/li>\n\n\n\n<li>Per donar suport i millorar els serveis que ofereix aquest lloc web.<\/li>\n\n\n\n<li>Per analitzar la navegaci\u00f3. El Titular recull altres dades no identificatives que s&#039;obtenen mitjan\u00e7ant l&#039;\u00fas de cookies que es descarreguen al teu ordinador quan navegues pel lloc web les caracter\u00edstiques i finalitat del qual estan detallades a la Pol\u00edtica de Cookies.<\/li>\n\n\n\n<li>Per gestionar les xarxes socials. el Titular t\u00e9 pres\u00e8ncia a xarxes socials. Si et fas seguidor a les xarxes socials del Titular el tractament de les dades personals es regir\u00e0 per aquest apartat, aix\u00ed com per aquelles condicions d&#039;\u00fas, pol\u00edtiques de privadesa i normatives d&#039;acc\u00e9s que pertanyin a la xarxa social que sigui procedent en cada cas i que has acceptat pr\u00e8viament.<\/li>\n<\/ul>\n\n\n\n<p>Pots consultar les pol\u00edtiques de privadesa de les principals xarxes socials en aquests enlla\u00e7os:<\/p>\n\n\n\n<ul class=\"wp-block-list\">\n<li>Instagram<\/li>\n<\/ul>\n\n\n\n<p>El Titular tractar\u00e0 les teves dades personals amb la finalitat d&#039;administrar correctament la seva pres\u00e8ncia a la xarxa social, informar-te de les activitats, productes o serveis, aix\u00ed com per a qualsevol altra finalitat que les normatives de les xarxes socials permetin.<\/p>\n\n\n\n<p>En cap cas el Titular no utilitzar\u00e0 els perfils de seguidors en xarxes socials per enviar publicitat de manera individual.<\/p>\n\n\n\n<h3 class=\"wp-block-heading\">Seguretat de les dades personals<\/h3>\n\n\n\n<p>Per protegir les teves dades personals, el Titular pren totes les precaucions raonables i segueix les millors pr\u00e0ctiques de la ind\u00fastria per evitar-ne la p\u00e8rdua, mal \u00fas, acc\u00e9s indegut, divulgaci\u00f3, alteraci\u00f3 o destrucci\u00f3.<\/p>\n\n\n\n<p><strong>El lloc web est\u00e0 allotjat a HOSTING<\/strong>. La seguretat de les teves dades est\u00e0 garantida, ja que prenen totes les mesures de seguretat necess\u00e0ries per fer-ho. Pots consultar la seva pol\u00edtica de privadesa per tenir m\u00e9s informaci\u00f3.<\/p>\n\n\n\n<h3 class=\"wp-block-heading\">Contingut d&#039;altres llocs web<\/h3>\n\n\n\n<p>Les p\u00e0gines d&#039;aquest lloc web poden incloure contingut incrustat (per exemple, v\u00eddeos, imatges, articles, etc.). El contingut incrustat d&#039;altres webs es comporta exactament de la mateixa manera que si haguessis visitat l&#039;altra web.<\/p>\n\n\n\n<p>Aquests llocs web poden recopilar dades sobre tu, utilitzar cookies, incrustar un codi de seguiment addicional de tercers i supervisar la teva interacci\u00f3 usant aquest codi.<\/p>\n\n\n\n<h3 class=\"wp-block-heading\">Pol\u00edtica de Cookies<\/h3>\n\n\n\n<p>Perqu\u00e8 aquest lloc web funcioni correctament heu d&#039;utilitzar cookies, que \u00e9s una informaci\u00f3 que s&#039;emmagatzema al vostre navegador web.<\/p>\n\n\n\n<p>A la p\u00e0gina Pol\u00edtica de Cookies pots consultar tota la informaci\u00f3 relativa a la pol\u00edtica de recollida, la finalitat i el tractament de les galetes.<\/p>\n\n\n\n<h3 class=\"wp-block-heading\">Legitimaci\u00f3 per al tractament de dades<\/h3>\n\n\n\n<p>La base legal per al tractament de les vostres dades \u00e9s: el consentiment.<\/p>\n\n\n\n<p>Per contactar amb el Titular, subscriure&#039;t a un butllet\u00ed o fer comentaris en aquest lloc web has d&#039;acceptar aquesta Pol\u00edtica de Privadesa.<\/p>\n\n\n\n<h3 class=\"wp-block-heading\">Categories de dades personals<\/h3>\n\n\n\n<p>Les categories de dades personals que tracta el Titular s\u00f3n:<\/p>\n\n\n\n<ul class=\"wp-block-list\">\n<li>Dades identificatives.<\/li>\n<\/ul>\n\n\n\n<h3 class=\"wp-block-heading\">Conservaci\u00f3 de dades personals<\/h3>\n\n\n\n<p>Les dades personals que proporcioneu al Titular es conservaran fins que sol\u00b7liciteu la supressi\u00f3.<\/p>\n\n\n\n<h3 class=\"wp-block-heading\">Navegaci\u00f3 Web<\/h3>\n\n\n\n<p>En navegar per\u00a0<strong>fjadvocats.es<\/strong>\u00a0es poden recollir dades no identificatives, que poden incloure, l&#039;adre\u00e7a IP, geolocalitzaci\u00f3, un registre de com s&#039;utilitzen els serveis i llocs, h\u00e0bits de navegaci\u00f3 i altres dades que no poden ser utilitzades per identificar-te.<\/p>\n\n\n\n<p>El Titular utilitza la informaci\u00f3 obtinguda per obtenir dades estad\u00edstiques, analitzar tend\u00e8ncies, administrar el lloc, estudiar patrons de navegaci\u00f3 i per recopilar informaci\u00f3 demogr\u00e0fica.<\/p>\n\n\n\n<h3 class=\"wp-block-heading\">Exactitud i veracitat de les dades personals<\/h3>\n\n\n\n<p>Et comprometes que les dades facilitades al Titular siguin correctes, completes, exactes i vigents, aix\u00ed com a mantenir-les degudament actualitzades.<\/p>\n\n\n\n<p>Com a Usuari del lloc web ets l&#039;\u00fanic responsable de la veracitat i correcci\u00f3 de les dades que remetis al lloc web exonerant el Titular de qualsevol responsabilitat al respecte.<\/p>\n\n\n\n<h3 class=\"wp-block-heading\">Acceptaci\u00f3 i consentiment<\/h3>\n\n\n\n<p>Com a Usuari del lloc web declares haver estat informat de les condicions sobre protecci\u00f3 de dades de car\u00e0cter personal, acceptes i consents el tractament dels mateixos per part del Titular en la forma i per a les finalitats indicades en aquesta Pol\u00edtica de Privadesa.<\/p>\n\n\n\n<h3 class=\"wp-block-heading\">Revocabilitat<\/h3>\n\n\n\n<p>Per exercitar els vostres drets d&#039;acc\u00e9s, rectificaci\u00f3, cancel\u00b7laci\u00f3, portabilitat i oposici\u00f3 heu d&#039;enviar un correu electr\u00f2nic a\u00a0<strong>info@fjadvocats.es<\/strong>\u00a0juntament amb la prova v\u00e0lida en dret com una fotoc\u00f2pia del DNI o equivalent.<\/p>\n\n\n\n<p>L&#039;exercici dels teus drets no inclou cap dada que el Titular estigui obligat a conservar amb finalitats administratives, legals o de seguretat.<\/p>\n\n\n\n<h3 class=\"wp-block-heading\">Canvis a la Pol\u00edtica de Privadesa<\/h3>\n\n\n\n<p>El Titular es reserva el dret a modificar aquesta Pol\u00edtica de Privadesa per adaptar-la a novetats legislatives o jurisprudencials, aix\u00ed com a pr\u00e0ctiques de la ind\u00fastria.<\/p>\n\n\n\n<p>Aquestes pol\u00edtiques estaran vigents fins que siguin modificades per altres degudament publicades.<\/p>\n\t\t\t\t\t\t\t\t<\/div>\n\t\t\t\t<\/div>\n\t\t\t\t\t<\/div>\n\t\t\t\t<\/div>\n\t\t<div class=\"elementor-element elementor-element-d1ce6e5 e-flex e-con-boxed e-con e-parent\" data-id=\"d1ce6e5\" data-element_type=\"container\" data-e-type=\"container\">\n\t\t\t\t\t<div class=\"e-con-inner\">\n\t\t\t\t<div class=\"elementor-element elementor-element-12a9ddc elementor-widget elementor-widget-spacer\" data-id=\"12a9ddc\" data-element_type=\"widget\" data-e-type=\"widget\" data-widget_type=\"spacer.default\">\n\t\t\t\t<div class=\"elementor-widget-container\">\n\t\t\t\t\t\t\t<div class=\"elementor-spacer\">\n\t\t\t<div class=\"elementor-spacer-inner\"><\/div>\n\t\t<\/div>\n\t\t\t\t\t\t<\/div>\n\t\t\t\t<\/div>\n\t\t\t\t\t<\/div>\n\t\t\t\t<\/div>\n\t\t\t\t<\/div>","protected":false},"excerpt":{"rendered":"<p>Juan Antonio Sep\u00falveda Rivero\u00a0en adelante, el titular,\u00a0te informa sobre su Pol\u00edtica de Privacidad respecto del tratamiento y protecci\u00f3n de los datos de car\u00e1cter personal de los usuarios y clientes que puedan ser recabados por la navegaci\u00f3n o contrataci\u00f3n de servicios a trav\u00e9s del sitio Web https:\/\/fjadvocats.es. En este sentido, el Titular garantiza el cumplimiento de [&hellip;]<\/p>\n","protected":false},"author":1,"featured_media":0,"parent":0,"menu_order":0,"comment_status":"closed","ping_status":"closed","template":"","meta":{"_joinchat":[],"footnotes":""},"class_list":["post-12","page","type-page","status-publish","hentry"],"_links":{"self":[{"href":"https:\/\/fjadvocats.es\/ca\/wp-json\/wp\/v2\/pages\/12","targetHints":{"allow":["GET"]}}],"collection":[{"href":"https:\/\/fjadvocats.es\/ca\/wp-json\/wp\/v2\/pages"}],"about":[{"href":"https:\/\/fjadvocats.es\/ca\/wp-json\/wp\/v2\/types\/page"}],"author":[{"embeddable":true,"href":"https:\/\/fjadvocats.es\/ca\/wp-json\/wp\/v2\/users\/1"}],"replies":[{"embeddable":true,"href":"https:\/\/fjadvocats.es\/ca\/wp-json\/wp\/v2\/comments?post=12"}],"version-history":[{"count":6,"href":"https:\/\/fjadvocats.es\/ca\/wp-json\/wp\/v2\/pages\/12\/revisions"}],"predecessor-version":[{"id":428,"href":"https:\/\/fjadvocats.es\/ca\/wp-json\/wp\/v2\/pages\/12\/revisions\/428"}],"wp:attachment":[{"href":"https:\/\/fjadvocats.es\/ca\/wp-json\/wp\/v2\/media?parent=12"}],"curies":[{"name":"wp","href":"https:\/\/api.w.org\/{rel}","templated":true}]}}